{"id":3620,"date":"2024-04-19T09:10:32","date_gmt":"2024-04-19T13:10:32","guid":{"rendered":"https:\/\/carrieres.phtech.ca\/politique-de-confidentialite\/"},"modified":"2024-08-05T15:07:02","modified_gmt":"2024-08-05T19:07:02","slug":"politique-de-confidentialite","status":"publish","type":"page","link":"https:\/\/carrieres.phtech.ca\/en\/politique-de-confidentialite\/","title":{"rendered":"Privacy policy"},"content":{"rendered":"\n<p><strong>Derni\u00e8re mise \u00e0 jour : 19 avril 2024<\/strong><\/p>\n\n\n\n<p>Bienvenue sur PH Tech (&#8220;nous&#8221;, &#8220;notre&#8221;, &#8220;nos&#8221;). Chez PH Tech, nous nous engageons \u00e0 prot\u00e9ger votre vie priv\u00e9e et \u00e0 respecter les lois sur la protection des donn\u00e9es applicables. Cette Politique de Confidentialit\u00e9 et de T\u00e9moins (&#8220;cookies&#8221;) vous informe \u00e0 propos de nos pratiques en mati\u00e8re de collecte, d&#8217;utilisation et de partage de vos informations personnelles ainsi que de l&#8217;utilisation des cookies et des technologies similaires sur notre site Web.<\/p>\n\n\n\n<p><strong>1. Informations que nous collectons<\/strong><\/p>\n\n\n\n<p>Nous pouvons collecter les types d&#8217;informations suivants lorsque vous utilisez notre site Web :<\/p>\n\n\n\n<ul class=\"wp-block-list\">\n<li>Informations de contact : nom, adresse courriel et num\u00e9ro de t\u00e9l\u00e9phone que vous nous fournissez volontairement lorsque vous vous inscrivez, vous abonnez \u00e0 notre infolettre, remplissez un formulaire ou utilisez nos services<\/li>\n\n\n\n<li>Informations de connexion : adresse IP, navigateur Web, fournisseur d&#8217;acc\u00e8s \u00e0 Internet, syst\u00e8me d&#8217;exploitation et autres informations techniques lorsque vous visitez notre site Web<\/li>\n\n\n\n<li>Informations concernant l&#8217;utilisation : pages que vous consultez, temps que vous passez sur notre site Web, liens sur lesquels vous cliquez et autres donn\u00e9es concernant vos interactions avec notre site Web<\/li>\n<\/ul>\n\n\n\n<p><strong>2. Cookies et technologies similaires<\/strong><\/p>\n\n\n\n<p>Notre site Web utilise des cookies et des technologies similaires pour am\u00e9liorer votre exp\u00e9rience en ligne et comprendre comment vous utilisez notre site Web. Les cookies sont de petits fichiers de texte stock\u00e9s sur votre appareil lorsque vous visitez un site Web. Ils sont largement utilis\u00e9s pour que le site fonctionne correctement, pour analyser le comportement des utilisateurs et pour personnaliser votre exp\u00e9rience.<\/p>\n\n\n\n<p><strong>a. Types de cookies utilis\u00e9s<\/strong><\/p>\n\n\n\n<p>Nous utilisons les types de cookies suivants sur notre site Web :<\/p>\n\n\n\n<ul class=\"wp-block-list\">\n<li><strong>Cookies essentiels<\/strong> : ces cookies sont n\u00e9cessaires au fonctionnement de notre site Web. Ils vous permettent de naviguer sur le site et d&#8217;utiliser ses fonctionnalit\u00e9s de base. Sans ces cookies, certaines parties de notre site Web ne fonctionneront pas correctement.<\/li>\n\n\n\n<li><strong>Cookies de performance<\/strong> : ces cookies collectent des informations concernant la mani\u00e8re dont les visiteurs utilisent notre site Web &#8211; par exemple, les pages qu&#8217;ils consultent le plus fr\u00e9quemment. Ces donn\u00e9es nous aident \u00e0 am\u00e9liorer la performance de notre site Web et \u00e0 comprendre les pr\u00e9f\u00e9rences des utilisateurs.<\/li>\n\n\n\n<li><strong>Cookies de fonctionnalit\u00e9<\/strong> : ces cookies permettent au site Web de m\u00e9moriser les choix que vous avez faits (comme votre nom d&#8217;utilisateur, votre langue ou votre r\u00e9gion) et de fournir des fonctionnalit\u00e9s am\u00e9lior\u00e9es et plus personnalis\u00e9es. Ils peuvent \u00e9galement \u00eatre utilis\u00e9s pour fournir des services que vous avez demand\u00e9s tels que le visionnement d\u2019une vid\u00e9o ou l\u2019\u00e9criture d\u2019un commentaire.<\/li>\n\n\n\n<li><strong>Cookies de publicit\u00e9<\/strong> : ces cookies sont utilis\u00e9s pour diffuser des publicit\u00e9s pertinentes pour vous et vos pr\u00e9f\u00e9rences. Ils sont \u00e9galement utilis\u00e9s pour limiter le nombre de fois que vous voyez une publicit\u00e9 et pour mesurer l&#8217;efficacit\u00e9 des campagnes publicitaires.<\/li>\n<\/ul>\n\n\n\n<p><strong>b. Gestion des cookies<\/strong><\/p>\n\n\n\n<p>Vous avez le contr\u00f4le sur les cookies que vous acceptez et vous pouvez les g\u00e9rer \u00e0 tout moment dans le bas de page droit du site Web (un bandeau blanc sur lequel il est \u00e9crit \u00ab G\u00e9rer le consentement \u00bb lorsque vous faites survoler votre souris dessus). Vous pouvez modifier les param\u00e8tres de votre navigateur afin d\u2019accepter ou de refuser les cookies, supprimer des cookies d\u00e9j\u00e0 stock\u00e9s sur votre appareil ou \u00eatre averti(e) avant d&#8217;accepter les cookies du site Web. Les options de gestion des cookies varient en fonction du navigateur que vous utilisez. Voici quelques liens menant \u00e0 des guides sur les navigateurs populaires :<\/p>\n\n\n\n<ul class=\"wp-block-list\">\n<li><strong>Chrome<\/strong> : <strong><a href=\"https:\/\/support.google.com\/chrome\/answer\/95647\">G\u00e9rer les cookies dans Chrome<\/a><\/strong><\/li>\n\n\n\n<li><strong>Firefox<\/strong> : <strong><a href=\"https:\/\/support.mozilla.org\/fr\/kb\/protection-renforcee-contre-pistage-firefox-ordinateur\">G\u00e9rer les cookies dans Firefox<\/a><\/strong><\/li>\n\n\n\n<li><strong>Safari<\/strong> : <strong><a href=\"https:\/\/support.apple.com\/guide\/safari\/manage-cookies-and-website-data-sfri11471\/mac\">G\u00e9rer les cookies dans Safari<\/a><\/strong><\/li>\n\n\n\n<li><strong>Internet Explorer<\/strong> : <strong><a href=\"https:\/\/support.microsoft.com\/fr-fr\/help\/17442\/windows-internet-explorer-delete-manage-cookies\">G\u00e9rer les cookies dans Internet Explorer<\/a><\/strong><\/li>\n<\/ul>\n\n\n\n<p>Veuillez noter que le refus des cookies peut affecter votre exp\u00e9rience sur notre site Web et limiter certaines de ses fonctionnalit\u00e9s.<\/p>\n\n\n\n<p><strong>c. Consentement aux cookies<\/strong><\/p>\n\n\n\n<p>En continuant d&#8217;utiliser notre site Web, vous consentez \u00e0 notre utilisation des cookies telle qu&#8217;elle est d\u00e9crite dans la pr\u00e9sente Politique. Si vous n&#8217;acceptez pas l&#8217;utilisation de cookies, veuillez configurer les param\u00e8tres de votre navigateur conform\u00e9ment aux instructions fournies ci-dessus ou cesser d&#8217;utiliser notre site Web.<\/p>\n\n\n\n<p><strong>3. Comment nous utilisons vos informations<\/strong><\/p>\n\n\n\n<p>Nous utilisons vos informations personnelles pour les finalit\u00e9s suivantes :<\/p>\n\n\n\n<ul class=\"wp-block-list\">\n<li>Fournir et personnaliser nos services<\/li>\n\n\n\n<li>Vous envoyer des communications marketing si vous en avez donn\u00e9 votre consentement<\/li>\n\n\n\n<li>Am\u00e9liorer et optimiser notre site Web et nos services<\/li>\n\n\n\n<li>R\u00e9pondre \u00e0 vos demandes et vous fournir un service \u00e0 la client\u00e8le<\/li>\n\n\n\n<li>Respecter nos obligations l\u00e9gales<\/li>\n<\/ul>\n\n\n\n<p><strong>4. Partage de vos informations<\/strong><\/p>\n\n\n\n<p>Nous pouvons partager vos informations personnelles avec des entit\u00e9s tierces dans les cas suivants :<\/p>\n\n\n\n<ul class=\"wp-block-list\">\n<li>Avec votre consentement<\/li>\n\n\n\n<li>Avec des prestataires de services tiers qui nous aident \u00e0 exploiter notre site Web et \u00e0 fournir nos services<\/li>\n\n\n\n<li>Pour respecter nos obligations l\u00e9gales<\/li>\n\n\n\n<li>En cas de fusion, d&#8217;acquisition ou de vente de toute ou une partie de notre entreprise, vos informations peuvent \u00eatre transf\u00e9r\u00e9es \u00e0 une autre entit\u00e9<\/li>\n<\/ul>\n\n\n\n<p><strong>5. Vos droits<\/strong><\/p>\n\n\n\n<p>Vous avez certains droits concernant vos informations personnelles, notamment le droit d&#8217;acc\u00e9der, de corriger, de supprimer, de limiter le traitement et de vous opposer au traitement de vos informations. Pour exercer ces droits, veuillez nous contacter \u00e0 marketing@phtech.ca.<\/p>\n\n\n\n<p><strong>6. S\u00e9curit\u00e9 des donn\u00e9es<\/strong><\/p>\n\n\n\n<p>Nous prenons des mesures de s\u00e9curit\u00e9 raisonnables pour prot\u00e9ger vos informations personnelles contre leur perte, leur acc\u00e8s non autoris\u00e9, leur divulgation, leur modification ou leur destruction.<\/p>\n\n\n\n<p><strong>7. Modifications de la Politique de Confidentialit\u00e9 et de Cookies<\/strong><\/p>\n\n\n\n<p>Nous pouvons mettre \u00e0 jour cette Politique de temps \u00e0 autre afin de refl\u00e9ter les changements concernant nos pratiques en mati\u00e8re de collecte et de traitement des informations. Nous vous encourageons \u00e0 consulter r\u00e9guli\u00e8rement cette Politique afin de rester inform\u00e9(e) \u00e0 propos de nos pratiques actuelles.<\/p>\n\n\n\n<p><strong>8. Contactez-nous<\/strong><\/p>\n\n\n\n<p>Si vous avez des questions concernant cette Politique ou si vous souhaitez exercer vos droits en mati\u00e8re de protection des donn\u00e9es, veuillez nous contacter \u00e0 l&#8217;adresse suivante : marketing@phtech.ca.<\/p>\n","protected":false},"excerpt":{"rendered":"<p>Derni\u00e8re mise \u00e0 jour : 19 avril 2024 Bienvenue sur PH Tech (&#8220;nous&#8221;, &#8220;notre&#8221;, &#8220;nos&#8221;). Chez PH Tech, nous nous engageons \u00e0 prot\u00e9ger votre vie priv\u00e9e et \u00e0 respecter les lois sur la protection des donn\u00e9es applicables. Cette Politique de Confidentialit\u00e9 et de T\u00e9moins (&#8220;cookies&#8221;) vous informe \u00e0 propos de nos pratiques en mati\u00e8re de [&#8230;]<\/p>\n<p><a class=\"btn btn-secondary understrap-read-more-link\" href=\"https:\/\/carrieres.phtech.ca\/en\/politique-de-confidentialite\/\">Read More&#8230;<span class=\"screen-reader-text\"> from Privacy policy<\/span><\/a><\/p>\n","protected":false},"author":4,"featured_media":0,"parent":0,"menu_order":0,"comment_status":"closed","ping_status":"closed","template":"","meta":{"_acf_changed":false,"inline_featured_image":false,"footnotes":""},"class_list":["post-3620","page","type-page","status-publish","hentry"],"acf":[],"yoast_head":"<!-- This site is optimized with the Yoast SEO plugin v27.4 - https:\/\/yoast.com\/product\/yoast-seo-wordpress\/ -->\n<title>Privacy policy - Pros humains<\/title>\n<meta name=\"robots\" content=\"index, follow, max-snippet:-1, max-image-preview:large, max-video-preview:-1\" \/>\n<link rel=\"canonical\" href=\"https:\/\/carrieres.phtech.ca\/en\/politique-de-confidentialite\/\" \/>\n<meta property=\"og:locale\" content=\"en_US\" \/>\n<meta property=\"og:type\" content=\"article\" \/>\n<meta property=\"og:title\" content=\"Privacy policy - Pros humains\" \/>\n<meta property=\"og:description\" content=\"Derni\u00e8re mise \u00e0 jour : 19 avril 2024 Bienvenue sur PH Tech (&#8220;nous&#8221;, &#8220;notre&#8221;, &#8220;nos&#8221;). Chez PH Tech, nous nous engageons \u00e0 prot\u00e9ger votre vie priv\u00e9e et \u00e0 respecter les lois sur la protection des donn\u00e9es applicables. Cette Politique de Confidentialit\u00e9 et de T\u00e9moins (&#8220;cookies&#8221;) vous informe \u00e0 propos de nos pratiques en mati\u00e8re de [...]Read More... from Privacy policy\" \/>\n<meta property=\"og:url\" content=\"https:\/\/carrieres.phtech.ca\/en\/politique-de-confidentialite\/\" \/>\n<meta property=\"og:site_name\" content=\"Pros humains\" \/>\n<meta property=\"article:modified_time\" content=\"2024-08-05T19:07:02+00:00\" \/>\n<meta name=\"twitter:card\" content=\"summary_large_image\" \/>\n<meta name=\"twitter:label1\" content=\"Est. reading time\" \/>\n\t<meta name=\"twitter:data1\" content=\"5 minutes\" \/>\n<script type=\"application\/ld+json\" class=\"yoast-schema-graph\">{\"@context\":\"https:\\\/\\\/schema.org\",\"@graph\":[{\"@type\":\"WebPage\",\"@id\":\"https:\\\/\\\/carrieres.phtech.ca\\\/en\\\/politique-de-confidentialite\\\/\",\"url\":\"https:\\\/\\\/carrieres.phtech.ca\\\/en\\\/politique-de-confidentialite\\\/\",\"name\":\"Privacy policy - Pros humains\",\"isPartOf\":{\"@id\":\"https:\\\/\\\/carrieres.phtech.ca\\\/en\\\/#website\"},\"datePublished\":\"2024-04-19T13:10:32+00:00\",\"dateModified\":\"2024-08-05T19:07:02+00:00\",\"breadcrumb\":{\"@id\":\"https:\\\/\\\/carrieres.phtech.ca\\\/en\\\/politique-de-confidentialite\\\/#breadcrumb\"},\"inLanguage\":\"en-US\",\"potentialAction\":[{\"@type\":\"ReadAction\",\"target\":[\"https:\\\/\\\/carrieres.phtech.ca\\\/en\\\/politique-de-confidentialite\\\/\"]}]},{\"@type\":\"BreadcrumbList\",\"@id\":\"https:\\\/\\\/carrieres.phtech.ca\\\/en\\\/politique-de-confidentialite\\\/#breadcrumb\",\"itemListElement\":[{\"@type\":\"ListItem\",\"position\":1,\"name\":\"Accueil\",\"item\":\"https:\\\/\\\/carrieres.phtech.ca\\\/en\\\/\"},{\"@type\":\"ListItem\",\"position\":2,\"name\":\"Privacy policy\"}]},{\"@type\":\"WebSite\",\"@id\":\"https:\\\/\\\/carrieres.phtech.ca\\\/en\\\/#website\",\"url\":\"https:\\\/\\\/carrieres.phtech.ca\\\/en\\\/\",\"name\":\"Pros humains\",\"description\":\"\",\"potentialAction\":[{\"@type\":\"SearchAction\",\"target\":{\"@type\":\"EntryPoint\",\"urlTemplate\":\"https:\\\/\\\/carrieres.phtech.ca\\\/en\\\/?s={search_term_string}\"},\"query-input\":{\"@type\":\"PropertyValueSpecification\",\"valueRequired\":true,\"valueName\":\"search_term_string\"}}],\"inLanguage\":\"en-US\"}]}<\/script>\n<!-- \/ Yoast SEO plugin. -->","yoast_head_json":{"title":"Privacy policy - Pros humains","robots":{"index":"index","follow":"follow","max-snippet":"max-snippet:-1","max-image-preview":"max-image-preview:large","max-video-preview":"max-video-preview:-1"},"canonical":"https:\/\/carrieres.phtech.ca\/en\/politique-de-confidentialite\/","og_locale":"en_US","og_type":"article","og_title":"Privacy policy - Pros humains","og_description":"Derni\u00e8re mise \u00e0 jour : 19 avril 2024 Bienvenue sur PH Tech (&#8220;nous&#8221;, &#8220;notre&#8221;, &#8220;nos&#8221;). Chez PH Tech, nous nous engageons \u00e0 prot\u00e9ger votre vie priv\u00e9e et \u00e0 respecter les lois sur la protection des donn\u00e9es applicables. Cette Politique de Confidentialit\u00e9 et de T\u00e9moins (&#8220;cookies&#8221;) vous informe \u00e0 propos de nos pratiques en mati\u00e8re de [...]Read More... from Privacy policy","og_url":"https:\/\/carrieres.phtech.ca\/en\/politique-de-confidentialite\/","og_site_name":"Pros humains","article_modified_time":"2024-08-05T19:07:02+00:00","twitter_card":"summary_large_image","twitter_misc":{"Est. reading time":"5 minutes"},"schema":{"@context":"https:\/\/schema.org","@graph":[{"@type":"WebPage","@id":"https:\/\/carrieres.phtech.ca\/en\/politique-de-confidentialite\/","url":"https:\/\/carrieres.phtech.ca\/en\/politique-de-confidentialite\/","name":"Privacy policy - Pros humains","isPartOf":{"@id":"https:\/\/carrieres.phtech.ca\/en\/#website"},"datePublished":"2024-04-19T13:10:32+00:00","dateModified":"2024-08-05T19:07:02+00:00","breadcrumb":{"@id":"https:\/\/carrieres.phtech.ca\/en\/politique-de-confidentialite\/#breadcrumb"},"inLanguage":"en-US","potentialAction":[{"@type":"ReadAction","target":["https:\/\/carrieres.phtech.ca\/en\/politique-de-confidentialite\/"]}]},{"@type":"BreadcrumbList","@id":"https:\/\/carrieres.phtech.ca\/en\/politique-de-confidentialite\/#breadcrumb","itemListElement":[{"@type":"ListItem","position":1,"name":"Accueil","item":"https:\/\/carrieres.phtech.ca\/en\/"},{"@type":"ListItem","position":2,"name":"Privacy policy"}]},{"@type":"WebSite","@id":"https:\/\/carrieres.phtech.ca\/en\/#website","url":"https:\/\/carrieres.phtech.ca\/en\/","name":"Pros humains","description":"","potentialAction":[{"@type":"SearchAction","target":{"@type":"EntryPoint","urlTemplate":"https:\/\/carrieres.phtech.ca\/en\/?s={search_term_string}"},"query-input":{"@type":"PropertyValueSpecification","valueRequired":true,"valueName":"search_term_string"}}],"inLanguage":"en-US"}]}},"_links":{"self":[{"href":"https:\/\/carrieres.phtech.ca\/en\/wp-json\/wp\/v2\/pages\/3620","targetHints":{"allow":["GET"]}}],"collection":[{"href":"https:\/\/carrieres.phtech.ca\/en\/wp-json\/wp\/v2\/pages"}],"about":[{"href":"https:\/\/carrieres.phtech.ca\/en\/wp-json\/wp\/v2\/types\/page"}],"author":[{"embeddable":true,"href":"https:\/\/carrieres.phtech.ca\/en\/wp-json\/wp\/v2\/users\/4"}],"replies":[{"embeddable":true,"href":"https:\/\/carrieres.phtech.ca\/en\/wp-json\/wp\/v2\/comments?post=3620"}],"version-history":[{"count":1,"href":"https:\/\/carrieres.phtech.ca\/en\/wp-json\/wp\/v2\/pages\/3620\/revisions"}],"predecessor-version":[{"id":3621,"href":"https:\/\/carrieres.phtech.ca\/en\/wp-json\/wp\/v2\/pages\/3620\/revisions\/3621"}],"wp:attachment":[{"href":"https:\/\/carrieres.phtech.ca\/en\/wp-json\/wp\/v2\/media?parent=3620"}],"curies":[{"name":"wp","href":"https:\/\/api.w.org\/{rel}","templated":true}]}}